{"id":15,"date":"2019-11-28T13:38:28","date_gmt":"2019-11-28T13:38:28","guid":{"rendered":"http:\/\/c1650686.ferozo.com\/?page_id=7"},"modified":"2026-04-14T15:47:44","modified_gmt":"2026-04-14T18:47:44","slug":"comision-directiva","status":"publish","type":"page","link":"https:\/\/cecmorteros.com.ar\/index.php\/comision-directiva\/","title":{"rendered":"Comisi\u00f3n Directiva"},"content":{"rendered":"\t\t<div data-elementor-type=\"wp-page\" data-elementor-id=\"15\" class=\"elementor elementor-15\">\n\t\t\t\t\t\t\t\t\t<section class=\"elementor-section elementor-top-section elementor-element elementor-element-1c3f0c8 elementor-section-boxed elementor-section-height-default elementor-section-height-default\" data-id=\"1c3f0c8\" data-element_type=\"section\">\n\t\t\t\t\t\t<div class=\"elementor-container elementor-column-gap-default\">\n\t\t\t\t\t<div class=\"elementor-column elementor-col-100 elementor-top-column elementor-element elementor-element-b96fe07\" data-id=\"b96fe07\" data-element_type=\"column\">\n\t\t\t<div class=\"elementor-widget-wrap elementor-element-populated\">\n\t\t\t\t\t\t\t\t<div class=\"elementor-element elementor-element-666de75 elementor-widget elementor-widget-spacer\" data-id=\"666de75\" data-element_type=\"widget\" data-widget_type=\"spacer.default\">\n\t\t\t\t<div class=\"elementor-widget-container\">\n\t\t\t<style>\/*! elementor - v3.16.0 - 12-09-2023 *\/\n.elementor-column .elementor-spacer-inner{height:var(--spacer-size)}.e-con{--container-widget-width:100%}.e-con-inner>.elementor-widget-spacer,.e-con>.elementor-widget-spacer{width:var(--container-widget-width,var(--spacer-size));--align-self:var(--container-widget-align-self,initial);--flex-shrink:0}.e-con-inner>.elementor-widget-spacer>.elementor-widget-container,.e-con>.elementor-widget-spacer>.elementor-widget-container{height:100%;width:100%}.e-con-inner>.elementor-widget-spacer>.elementor-widget-container>.elementor-spacer,.e-con>.elementor-widget-spacer>.elementor-widget-container>.elementor-spacer{height:100%}.e-con-inner>.elementor-widget-spacer>.elementor-widget-container>.elementor-spacer>.elementor-spacer-inner,.e-con>.elementor-widget-spacer>.elementor-widget-container>.elementor-spacer>.elementor-spacer-inner{height:var(--container-widget-height,var(--spacer-size))}.e-con-inner>.elementor-widget-spacer.elementor-widget-empty,.e-con>.elementor-widget-spacer.elementor-widget-empty{position:relative;min-height:22px;min-width:22px}.e-con-inner>.elementor-widget-spacer.elementor-widget-empty .elementor-widget-empty-icon,.e-con>.elementor-widget-spacer.elementor-widget-empty .elementor-widget-empty-icon{position:absolute;top:0;bottom:0;left:0;right:0;margin:auto;padding:0;width:22px;height:22px}<\/style>\t\t<div class=\"elementor-spacer\">\n\t\t\t<div class=\"elementor-spacer-inner\"><\/div>\n\t\t<\/div>\n\t\t\t\t<\/div>\n\t\t\t\t<\/div>\n\t\t\t\t\t<\/div>\n\t\t<\/div>\n\t\t\t\t\t\t\t<\/div>\n\t\t<\/section>\n\t\t\t\t<section class=\"elementor-section elementor-top-section elementor-element elementor-element-9991b7c elementor-section-boxed elementor-section-height-default elementor-section-height-default\" data-id=\"9991b7c\" data-element_type=\"section\">\n\t\t\t\t\t\t<div class=\"elementor-container elementor-column-gap-default\">\n\t\t\t\t\t<div class=\"elementor-column elementor-col-100 elementor-top-column elementor-element elementor-element-290447b\" data-id=\"290447b\" data-element_type=\"column\">\n\t\t\t<div class=\"elementor-widget-wrap elementor-element-populated\">\n\t\t\t\t\t\t\t\t<div class=\"elementor-element elementor-element-7bc78fb elementor-widget elementor-widget-heading\" data-id=\"7bc78fb\" data-element_type=\"widget\" data-widget_type=\"heading.default\">\n\t\t\t\t<div class=\"elementor-widget-container\">\n\t\t\t<style>\/*! elementor - v3.16.0 - 12-09-2023 *\/\n.elementor-heading-title{padding:0;margin:0;line-height:1}.elementor-widget-heading .elementor-heading-title[class*=elementor-size-]>a{color:inherit;font-size:inherit;line-height:inherit}.elementor-widget-heading .elementor-heading-title.elementor-size-small{font-size:15px}.elementor-widget-heading .elementor-heading-title.elementor-size-medium{font-size:19px}.elementor-widget-heading .elementor-heading-title.elementor-size-large{font-size:29px}.elementor-widget-heading .elementor-heading-title.elementor-size-xl{font-size:39px}.elementor-widget-heading .elementor-heading-title.elementor-size-xxl{font-size:59px}<\/style><h3 class=\"elementor-heading-title elementor-size-default\">Comisi\u00f3n Directiva 2022-2026<\/h3>\t\t<\/div>\n\t\t\t\t<\/div>\n\t\t\t\t\t<\/div>\n\t\t<\/div>\n\t\t\t\t\t\t\t<\/div>\n\t\t<\/section>\n\t\t\t\t<section class=\"elementor-section elementor-top-section elementor-element elementor-element-c90ef80 elementor-section-boxed elementor-section-height-default elementor-section-height-default\" data-id=\"c90ef80\" data-element_type=\"section\">\n\t\t\t\t\t\t<div class=\"elementor-container elementor-column-gap-default\">\n\t\t\t\t\t<div class=\"elementor-column elementor-col-100 elementor-top-column elementor-element elementor-element-446862d\" data-id=\"446862d\" data-element_type=\"column\">\n\t\t\t<div class=\"elementor-widget-wrap elementor-element-populated\">\n\t\t\t\t\t\t\t\t<div class=\"elementor-element elementor-element-358ac15 elementor-widget elementor-widget-spacer\" data-id=\"358ac15\" data-element_type=\"widget\" data-widget_type=\"spacer.default\">\n\t\t\t\t<div class=\"elementor-widget-container\">\n\t\t\t\t\t<div class=\"elementor-spacer\">\n\t\t\t<div class=\"elementor-spacer-inner\"><\/div>\n\t\t<\/div>\n\t\t\t\t<\/div>\n\t\t\t\t<\/div>\n\t\t\t\t\t<\/div>\n\t\t<\/div>\n\t\t\t\t\t\t\t<\/div>\n\t\t<\/section>\n\t\t\t\t<section class=\"elementor-section elementor-top-section elementor-element elementor-element-18f061c elementor-section-boxed elementor-section-height-default elementor-section-height-default\" data-id=\"18f061c\" data-element_type=\"section\">\n\t\t\t\t\t\t<div class=\"elementor-container elementor-column-gap-default\">\n\t\t\t\t\t<div class=\"elementor-column elementor-col-50 elementor-top-column elementor-element elementor-element-94a120b\" data-id=\"94a120b\" data-element_type=\"column\">\n\t\t\t<div class=\"elementor-widget-wrap elementor-element-populated\">\n\t\t\t\t\t\t\t\t<div class=\"elementor-element elementor-element-306a27d elementor-widget elementor-widget-text-editor\" data-id=\"306a27d\" data-element_type=\"widget\" data-widget_type=\"text-editor.default\">\n\t\t\t\t<div class=\"elementor-widget-container\">\n\t\t\t<style>\/*! elementor - v3.16.0 - 12-09-2023 *\/\n.elementor-widget-text-editor.elementor-drop-cap-view-stacked .elementor-drop-cap{background-color:#69727d;color:#fff}.elementor-widget-text-editor.elementor-drop-cap-view-framed .elementor-drop-cap{color:#69727d;border:3px solid;background-color:transparent}.elementor-widget-text-editor:not(.elementor-drop-cap-view-default) .elementor-drop-cap{margin-top:8px}.elementor-widget-text-editor:not(.elementor-drop-cap-view-default) .elementor-drop-cap-letter{width:1em;height:1em}.elementor-widget-text-editor .elementor-drop-cap{float:left;text-align:center;line-height:1;font-size:50px}.elementor-widget-text-editor .elementor-drop-cap-letter{display:inline-block}<\/style>\t\t\t\t<p><strong>SECRETARIO GENERAL<\/strong><\/p><p>DANIEL GODOY<\/p><p><br \/><strong>SUBSECRETARIO GENERAL<\/strong><\/p><p>RAUL TORRETTA<\/p><p><br \/><strong>SECRETARIO DE ORGANIZACI\u00d3N<\/strong><\/p><p>ALEJANDRO PRATTO<\/p><p><br \/><strong>SECRETARIO DE ASUNTOS LABORALES<\/strong><\/p><p>DEBORA TORRETTA<\/p><p><br \/><strong>SECRETARIO DE FINANZAS Y ADMINISTRACI\u00d3N<\/strong><\/p><p>GERARDO RODRIGUEZ<\/p><p><br \/><strong>SECRETARIA DE ACCI\u00d3N SOCIAL<\/strong><\/p><p>SANDRA GALLEGOS<\/p><p><br \/><strong>SECRETARIA DE CULTURA Y CAPACITACION<\/strong><\/p><p>NORA RODRIGUEZ<\/p>\t\t\t\t\t\t<\/div>\n\t\t\t\t<\/div>\n\t\t\t\t\t<\/div>\n\t\t<\/div>\n\t\t\t\t<div class=\"elementor-column elementor-col-50 elementor-top-column elementor-element elementor-element-abecfc4\" data-id=\"abecfc4\" data-element_type=\"column\">\n\t\t\t<div class=\"elementor-widget-wrap elementor-element-populated\">\n\t\t\t\t\t\t\t\t<div class=\"elementor-element elementor-element-3a84466 elementor-widget elementor-widget-text-editor\" data-id=\"3a84466\" data-element_type=\"widget\" data-widget_type=\"text-editor.default\">\n\t\t\t\t<div class=\"elementor-widget-container\">\n\t\t\t\t\t\t\t<p><strong>SUPLENTE 1<\/strong><br \/>TOLOZA NESTOR FABIAN<br \/><br \/><strong>SUPLENTE 2<\/strong><br \/>RODRIGUEZ NORA MARCELA<br \/><br \/><strong>SUPLENTE 3<\/strong><br \/>HERRERA HECTOR MARIO<br \/><br \/><strong>SUPLENTE 4<\/strong> <br \/>GALLEGOS SANDRA VERONICA<br \/><br \/><strong>SUPLENTE 5<\/strong><br \/>RODRIGUEZ GERARDO ALBERTO<br \/><br \/><strong>SUPLENTE 6<\/strong><br \/>GARNICA OLGA NOEMI<br \/><br \/><strong>SUPLENTE 7<\/strong><br \/>ZARATE RUBEN OSCAR<\/p>\t\t\t\t\t\t<\/div>\n\t\t\t\t<\/div>\n\t\t\t\t\t<\/div>\n\t\t<\/div>\n\t\t\t\t\t\t\t<\/div>\n\t\t<\/section>\n\t\t\t\t<section class=\"elementor-section elementor-top-section elementor-element elementor-element-689d1ab elementor-section-boxed elementor-section-height-default elementor-section-height-default\" data-id=\"689d1ab\" data-element_type=\"section\">\n\t\t\t\t\t\t<div class=\"elementor-container elementor-column-gap-default\">\n\t\t\t\t\t<div class=\"elementor-column elementor-col-50 elementor-top-column elementor-element elementor-element-6535860\" data-id=\"6535860\" data-element_type=\"column\">\n\t\t\t<div class=\"elementor-widget-wrap elementor-element-populated\">\n\t\t\t\t\t\t\t\t<div class=\"elementor-element elementor-element-4bd9ba8 elementor-widget elementor-widget-text-editor\" data-id=\"4bd9ba8\" data-element_type=\"widget\" data-widget_type=\"text-editor.default\">\n\t\t\t\t<div class=\"elementor-widget-container\">\n\t\t\t\t\t\t\t<p><strong>R CTA TIT 1<\/strong><br \/>PRATTO ALEJANDRO DANIEL<br \/><br \/><strong>R CTA TIT 2<\/strong><br \/>WAGNER GABRIELA ALEJANDRA<br \/><br \/><strong>R CTA TIT 3<\/strong><br \/>ALVAREZ DIEGO DANIEL<br \/><br \/><strong>R CTA SUP 1<\/strong><br \/>GUEVARA LEANDRO FERNANDO<br \/><br \/><strong>R CTA SUP 2<\/strong><br \/>FARIAS VALERIA DEL VALLE<br \/><br \/><strong>R CTA SUP 3<\/strong><br \/>LUJAN MARTIN VICTOR<\/p>\t\t\t\t\t\t<\/div>\n\t\t\t\t<\/div>\n\t\t\t\t\t<\/div>\n\t\t<\/div>\n\t\t\t\t<div class=\"elementor-column elementor-col-50 elementor-top-column elementor-element elementor-element-3701563\" data-id=\"3701563\" data-element_type=\"column\">\n\t\t\t<div class=\"elementor-widget-wrap elementor-element-populated\">\n\t\t\t\t\t\t\t\t<div class=\"elementor-element elementor-element-31df529 elementor-widget elementor-widget-text-editor\" data-id=\"31df529\" data-element_type=\"widget\" data-widget_type=\"text-editor.default\">\n\t\t\t\t<div class=\"elementor-widget-container\">\n\t\t\t\t\t\t\t<p><strong>DELEG TITULAR FAECYS<\/strong><br \/>GODOY DANIEL ALEJANDRO<\/p><p><strong>DELEG SUP FAECYS<\/strong><br \/>TORRETTA RAUL FRANCISCO AUGUSTO<\/p>\t\t\t\t\t\t<\/div>\n\t\t\t\t<\/div>\n\t\t\t\t\t<\/div>\n\t\t<\/div>\n\t\t\t\t\t\t\t<\/div>\n\t\t<\/section>\n\t\t\t\t\t\t\t<\/div>\n\t\t","protected":false},"excerpt":{"rendered":"<p>Comisi\u00f3n Directiva 2022-2026 SECRETARIO GENERAL DANIEL GODOY SUBSECRETARIO GENERAL RAUL TORRETTA SECRETARIO DE ORGANIZACI\u00d3N ALEJANDRO PRATTO SECRETARIO DE ASUNTOS LABORALES DEBORA TORRETTA SECRETARIO DE FINANZAS Y ADMINISTRACI\u00d3N GERARDO RODRIGUEZ SECRETARIA DE ACCI\u00d3N SOCIAL SANDRA GALLEGOS SECRETARIA DE CULTURA Y CAPACITACION NORA RODRIGUEZ SUPLENTE 1TOLOZA NESTOR FABIAN SUPLENTE 2RODRIGUEZ NORA MARCELA SUPLENTE 3HERRERA HECTOR MARIO SUPLENTE &hellip;<\/p>\n<p class=\"read-more\"> <a class=\"\" href=\"https:\/\/cecmorteros.com.ar\/index.php\/comision-directiva\/\"> <span class=\"screen-reader-text\">Comisi\u00f3n Directiva<\/span> Leer m\u00e1s &raquo;<\/a><\/p>\n","protected":false},"author":1,"featured_media":0,"parent":0,"menu_order":0,"comment_status":"closed","ping_status":"closed","template":"","meta":{"inline_featured_image":false,"site-sidebar-layout":"no-sidebar","site-content-layout":"page-builder","ast-site-content-layout":"","site-content-style":"default","site-sidebar-style":"default","ast-global-header-display":"","ast-banner-title-visibility":"","ast-main-header-display":"","ast-hfb-above-header-display":"","ast-hfb-below-header-display":"","ast-hfb-mobile-header-display":"","site-post-title":"disabled","ast-breadcrumbs-content":"","ast-featured-img":"disabled","footer-sml-layout":"","theme-transparent-header-meta":"","adv-header-id-meta":"","stick-header-meta":"","header-above-stick-meta":"","header-main-stick-meta":"","header-below-stick-meta":"","astra-migrate-meta-layouts":"","footnotes":""},"_links":{"self":[{"href":"https:\/\/cecmorteros.com.ar\/index.php\/wp-json\/wp\/v2\/pages\/15"}],"collection":[{"href":"https:\/\/cecmorteros.com.ar\/index.php\/wp-json\/wp\/v2\/pages"}],"about":[{"href":"https:\/\/cecmorteros.com.ar\/index.php\/wp-json\/wp\/v2\/types\/page"}],"author":[{"embeddable":true,"href":"https:\/\/cecmorteros.com.ar\/index.php\/wp-json\/wp\/v2\/users\/1"}],"replies":[{"embeddable":true,"href":"https:\/\/cecmorteros.com.ar\/index.php\/wp-json\/wp\/v2\/comments?post=15"}],"version-history":[{"count":3,"href":"https:\/\/cecmorteros.com.ar\/index.php\/wp-json\/wp\/v2\/pages\/15\/revisions"}],"predecessor-version":[{"id":1047,"href":"https:\/\/cecmorteros.com.ar\/index.php\/wp-json\/wp\/v2\/pages\/15\/revisions\/1047"}],"wp:attachment":[{"href":"https:\/\/cecmorteros.com.ar\/index.php\/wp-json\/wp\/v2\/media?parent=15"}],"curies":[{"name":"wp","href":"https:\/\/api.w.org\/{rel}","templated":true}]}}